{"id":1474,"date":"2019-06-24T11:08:53","date_gmt":"2019-06-24T08:08:53","guid":{"rendered":"https:\/\/likitkimya.com\/?page_id=1474"},"modified":"2026-01-27T10:29:40","modified_gmt":"2026-01-27T07:29:40","slug":"our-quality-policy","status":"publish","type":"page","link":"https:\/\/likitkimya.com\/en\/corporate\/our-quality-policy\/","title":{"rendered":"Our Quality Policy"},"content":{"rendered":"<div id='full_slider_1'  class='avia-fullwidth-slider main_color avia-shadow   avia-builder-el-0  el_before_av_one_full  avia-builder-el-first   container_wrap fullsize'  ><div  class='avia-slideshow av-2urub-1726566605f2a59485786ad66b00c83b avia-slideshow-no scaling av_slideshow_full avia-slide-slider av-slideshow-ui av-control-default av-slideshow-manual av-loop-once av-loop-manual-endless av-default-height-applied  image_no_stretch avia-slideshow-1' data-slideshow-options=\"{&quot;animation&quot;:&quot;slide&quot;,&quot;autoplay&quot;:false,&quot;loop_autoplay&quot;:&quot;once&quot;,&quot;interval&quot;:5,&quot;loop_manual&quot;:&quot;manual-endless&quot;,&quot;autoplay_stopper&quot;:false,&quot;noNavigation&quot;:false,&quot;bg_slider&quot;:false,&quot;keep_padding&quot;:false,&quot;hoverpause&quot;:false,&quot;show_slide_delay&quot;:0}\"  itemprop=\"image\" itemscope=\"itemscope\" itemtype=\"https:\/\/schema.org\/ImageObject\" ><ul class='avia-slideshow-inner ' style='padding-bottom: 23.4375%;'><li  class='avia-slideshow-slide av-2urub-1726566605f2a59485786ad66b00c83b__0  av-single-slide slide-1 slide-odd'><div data-rel='slideshow-1' class='avia-slide-wrap '   ><div class='av-slideshow-caption av-2urub-1726566605f2a59485786ad66b00c83b__0 caption_fullwidth caption_bottom caption_bottom_framed caption_framed'><div class=\"container caption_container\"><div class=\"slideshow_caption\"><div class=\"slideshow_inner_caption\"><div class=\"slideshow_align_caption\"><h2 class='avia-caption-title '  itemprop=\"name\" >Quality products at the most affordable ...<\/h2><\/div><\/div><\/div><\/div><\/div><img class=\"wp-image-2614 avia-img-lazy-loading-not-2614\"  src=\"https:\/\/likitkimya.com\/wp-content\/uploads\/2019\/05\/likit-kimya-kurumsal.jpg\" width=\"1920\" height=\"450\" title='likit-kimya-kurumsal' alt=''  itemprop=\"thumbnailUrl\"   \/><div class='av-section-color-overlay' style='opacity: 0.3; background-color: #0b1f67; background-image: url(https:\/\/likitkimya.com\/wp-content\/themes\/novasta\/images\/background-images\/diagonal-bold-light.png); background-repeat: repeat;'><\/div><\/div><\/li><\/ul><\/div><\/div><div id='after_full_slider_1'  class='main_color av_default_container_wrap container_wrap fullsize'  ><div class='container av-section-cont-open' ><div class='template-page content  av-content-full alpha units'><div class='post-entry post-entry-type-page post-entry-1474'><div class='entry-content-wrapper clearfix'>\n\n<style type=\"text\/css\" data-created_by=\"avia_inline_auto\" id=\"style-css-av-2d4fb-e07387dd585fa63235d74ad8846978ad\">\n.flex_column.av-2d4fb-e07387dd585fa63235d74ad8846978ad{\n-webkit-border-radius:0px 0px 0px 0px;\n-moz-border-radius:0px 0px 0px 0px;\nborder-radius:0px 0px 0px 0px;\npadding:0px 0px 0px 0px;\n}\n<\/style>\n<div class='flex_column av-2d4fb-e07387dd585fa63235d74ad8846978ad av_one_full  avia-builder-el-1  el_after_av_slideshow_full  el_before_av_one_third  avia-builder-el-first  first flex_column_div av-zero-column-padding '     ><p>\n<style type=\"text\/css\" data-created_by=\"avia_inline_auto\" id=\"style-css-av-jxa3k304-c8ffa597b31a3335c6e35e9a63f2fb51\">\n#top .av-special-heading.av-jxa3k304-c8ffa597b31a3335c6e35e9a63f2fb51{\npadding-bottom:10px;\n}\nbody .av-special-heading.av-jxa3k304-c8ffa597b31a3335c6e35e9a63f2fb51 .av-special-heading-tag .heading-char{\nfont-size:25px;\n}\n.av-special-heading.av-jxa3k304-c8ffa597b31a3335c6e35e9a63f2fb51 .av-subheading{\nfont-size:15px;\n}\n<\/style>\n<div  class='av-special-heading av-jxa3k304-c8ffa597b31a3335c6e35e9a63f2fb51 av-special-heading-h2 blockquote modern-quote  avia-builder-el-2  el_before_av_textblock  avia-builder-el-first '><h2 class='av-special-heading-tag'  itemprop=\"headline\"  >Our quality policy is;<\/h2><div class=\"special-heading-border\"><div class=\"special-heading-inner-border\"><\/div><\/div><\/div><br \/>\n<section  class='av_textblock_section av-tpfv-59784b9ec5e8a6bd877814b1f20caec9'  itemscope=\"itemscope\" itemtype=\"https:\/\/schema.org\/CreativeWork\" ><div class='avia_textblock'  itemprop=\"text\" ><ul>\n<li>As Likit Kimya, operating in the fields of chemical raw material, fuel storage, and port services, warehousing activities, and production of concrete additives, our goal is to continuously improve our product and service quality, based on the belief that the only way to increase our market share and competitive power is by ensuring the satisfaction of relevant parties within the framework of the Customer and Quality Management System.<\/li>\n<li>To achieve this goal, we focus on closely monitoring internal and external issues, the changing world market, and maintaining success by considering risks and seizing opportunities in processes and services.<\/li>\n<li>We ensure compliance with legal and other applicable requirements.<\/li>\n<li>Our priority is to make investments to increase our storage capacity to deliver quality products to our customers at the most affordable cost and on time.<\/li>\n<li>We aim to make the continuously improved quality of our products and services synonymous with the name Likit Kimya, making it a symbol of quality.<\/li>\n<li>We ensure that the needs and expectations of relevant parties are met.<\/li>\n<\/ul>\n<\/div><\/section><\/p><\/div>\n\n<style type=\"text\/css\" data-created_by=\"avia_inline_auto\" id=\"style-css-av-a1kg6-8fdf55d633d0a2853dc08decbf08b8a2\">\n.flex_column.av-a1kg6-8fdf55d633d0a2853dc08decbf08b8a2{\n-webkit-border-radius:0px 0px 0px 0px;\n-moz-border-radius:0px 0px 0px 0px;\nborder-radius:0px 0px 0px 0px;\npadding:0px 0px 0px 0px;\n}\n<\/style>\n<div class='flex_column av-a1kg6-8fdf55d633d0a2853dc08decbf08b8a2 av_one_third  avia-builder-el-4  el_after_av_one_full  el_before_av_one_third  first flex_column_div av-zero-column-padding column-top-margin'     ><style type=\"text\/css\" data-created_by=\"avia_inline_auto\" id=\"style-css-av-lpl2pvem-4c488da000f46bd870cff3cd238bc2ed\">\n.avia-image-container.av-lpl2pvem-4c488da000f46bd870cff3cd238bc2ed img.avia_image{\nbox-shadow:none;\n}\n.avia-image-container.av-lpl2pvem-4c488da000f46bd870cff3cd238bc2ed .av-image-caption-overlay-center{\ncolor:#ffffff;\n}\n<\/style>\n<div  class='avia-image-container av-lpl2pvem-4c488da000f46bd870cff3cd238bc2ed av-styling-no-styling av-hover-grow avia-align-center  avia-builder-el-5  avia-builder-el-no-sibling '   itemprop=\"image\" itemscope=\"itemscope\" itemtype=\"https:\/\/schema.org\/ImageObject\" ><div class=\"avia-image-container-inner\"><div class=\"avia-image-overlay-wrap\"><a href=\"https:\/\/likitkimya.com\/wp-content\/uploads\/2026\/01\/LIKIT-KIMYA-TURKAK-ENG_Sayfa_1.jpg\" data-srcset=\"https:\/\/likitkimya.com\/wp-content\/uploads\/2026\/01\/LIKIT-KIMYA-TURKAK-ENG_Sayfa_1.jpg 1240w, https:\/\/likitkimya.com\/wp-content\/uploads\/2026\/01\/LIKIT-KIMYA-TURKAK-ENG_Sayfa_1-1085x1536.jpg 1085w\" data-sizes=\"(max-width: 728px) 100vw, 728px\" class='avia_image' ><img class='wp-image-4753 avia-img-lazy-loading-not-4753 avia_image ' src=\"https:\/\/likitkimya.com\/wp-content\/uploads\/2026\/01\/LIKIT-KIMYA-TURKAK-ENG_Sayfa_1.jpg\" alt='' title='L\u0130K\u0130T K\u0130MYA T\u00dcRKAK ENG_Sayfa_1'  height=\"1755\" width=\"1240\"  itemprop=\"thumbnailUrl\" srcset=\"https:\/\/likitkimya.com\/wp-content\/uploads\/2026\/01\/LIKIT-KIMYA-TURKAK-ENG_Sayfa_1.jpg 1240w, https:\/\/likitkimya.com\/wp-content\/uploads\/2026\/01\/LIKIT-KIMYA-TURKAK-ENG_Sayfa_1-1085x1536.jpg 1085w\" sizes=\"(max-width: 1240px) 100vw, 1240px\" \/><\/a><\/div><\/div><\/div><\/div>\n<style type=\"text\/css\" data-created_by=\"avia_inline_auto\" id=\"style-css-av-a1kg6-1223dd303dc4cd8a8b0c7787e6625f78\">\n.flex_column.av-a1kg6-1223dd303dc4cd8a8b0c7787e6625f78{\n-webkit-border-radius:0px 0px 0px 0px;\n-moz-border-radius:0px 0px 0px 0px;\nborder-radius:0px 0px 0px 0px;\npadding:0px 0px 0px 0px;\n}\n<\/style>\n<div class='flex_column av-a1kg6-1223dd303dc4cd8a8b0c7787e6625f78 av_one_third  avia-builder-el-6  el_after_av_one_third  el_before_av_one_third  flex_column_div av-zero-column-padding column-top-margin'     ><style type=\"text\/css\" data-created_by=\"avia_inline_auto\" id=\"style-css-av-lpl2q5ud-ae09aa4758d0b7cd4ad53ac55cd93e2a\">\n.avia-image-container.av-lpl2q5ud-ae09aa4758d0b7cd4ad53ac55cd93e2a img.avia_image{\nbox-shadow:none;\n}\n.avia-image-container.av-lpl2q5ud-ae09aa4758d0b7cd4ad53ac55cd93e2a .av-image-caption-overlay-center{\ncolor:#ffffff;\n}\n<\/style>\n<div  class='avia-image-container av-lpl2q5ud-ae09aa4758d0b7cd4ad53ac55cd93e2a av-styling-no-styling av-hover-grow avia-align-center  avia-builder-el-7  avia-builder-el-no-sibling '   itemprop=\"image\" itemscope=\"itemscope\" itemtype=\"https:\/\/schema.org\/ImageObject\" ><div class=\"avia-image-container-inner\"><div class=\"avia-image-overlay-wrap\"><a href=\"https:\/\/likitkimya.com\/wp-content\/uploads\/2026\/01\/LIKIT-KIMYA-TURKAK-ENG_Sayfa_2.jpg\" data-srcset=\"https:\/\/likitkimya.com\/wp-content\/uploads\/2026\/01\/LIKIT-KIMYA-TURKAK-ENG_Sayfa_2.jpg 1240w, https:\/\/likitkimya.com\/wp-content\/uploads\/2026\/01\/LIKIT-KIMYA-TURKAK-ENG_Sayfa_2-1085x1536.jpg 1085w\" data-sizes=\"(max-width: 728px) 100vw, 728px\" class='avia_image' ><img class='wp-image-4755 avia-img-lazy-loading-not-4755 avia_image ' src=\"https:\/\/likitkimya.com\/wp-content\/uploads\/2026\/01\/LIKIT-KIMYA-TURKAK-ENG_Sayfa_2.jpg\" alt='' title='L\u0130K\u0130T K\u0130MYA T\u00dcRKAK ENG_Sayfa_2'  height=\"1755\" width=\"1240\"  itemprop=\"thumbnailUrl\" srcset=\"https:\/\/likitkimya.com\/wp-content\/uploads\/2026\/01\/LIKIT-KIMYA-TURKAK-ENG_Sayfa_2.jpg 1240w, https:\/\/likitkimya.com\/wp-content\/uploads\/2026\/01\/LIKIT-KIMYA-TURKAK-ENG_Sayfa_2-1085x1536.jpg 1085w\" sizes=\"(max-width: 1240px) 100vw, 1240px\" \/><\/a><\/div><\/div><\/div><\/div>\n<style type=\"text\/css\" data-created_by=\"avia_inline_auto\" id=\"style-css-av-av_one_third-da852e3ef3e55b029d2629c41a20524d\">\n.flex_column.av-av_one_third-da852e3ef3e55b029d2629c41a20524d{\n-webkit-border-radius:0px 0px 0px 0px;\n-moz-border-radius:0px 0px 0px 0px;\nborder-radius:0px 0px 0px 0px;\npadding:0px 0px 0px 0px;\n}\n<\/style>\n<div class='flex_column av-av_one_third-da852e3ef3e55b029d2629c41a20524d av_one_third  avia-builder-el-8  el_after_av_one_third  el_before_av_one_third  flex_column_div av-zero-column-padding column-top-margin'     ><style type=\"text\/css\" data-created_by=\"avia_inline_auto\" id=\"style-css-av-mkw9z5w7-26c9d91e0ab5e99e796bb427749ab4ee\">\n.avia-image-container.av-mkw9z5w7-26c9d91e0ab5e99e796bb427749ab4ee img.avia_image{\nbox-shadow:none;\n}\n.avia-image-container.av-mkw9z5w7-26c9d91e0ab5e99e796bb427749ab4ee .av-image-caption-overlay-center{\ncolor:#ffffff;\n}\n<\/style>\n<div  class='avia-image-container av-mkw9z5w7-26c9d91e0ab5e99e796bb427749ab4ee av-styling-no-styling av-hover-grow avia-align-center  avia-builder-el-9  avia-builder-el-no-sibling '   itemprop=\"image\" itemscope=\"itemscope\" itemtype=\"https:\/\/schema.org\/ImageObject\" ><div class=\"avia-image-container-inner\"><div class=\"avia-image-overlay-wrap\"><a href=\"https:\/\/likitkimya.com\/wp-content\/uploads\/2026\/01\/LIKIT-KIMYA-TURKAK-ENG_Sayfa_3.jpg\" data-srcset=\"https:\/\/likitkimya.com\/wp-content\/uploads\/2026\/01\/LIKIT-KIMYA-TURKAK-ENG_Sayfa_3.jpg 1240w, https:\/\/likitkimya.com\/wp-content\/uploads\/2026\/01\/LIKIT-KIMYA-TURKAK-ENG_Sayfa_3-1085x1536.jpg 1085w\" data-sizes=\"(max-width: 728px) 100vw, 728px\" class='avia_image' ><img class='wp-image-4757 avia-img-lazy-loading-not-4757 avia_image ' src=\"https:\/\/likitkimya.com\/wp-content\/uploads\/2026\/01\/LIKIT-KIMYA-TURKAK-ENG_Sayfa_3.jpg\" alt='' title='L\u0130K\u0130T K\u0130MYA T\u00dcRKAK ENG_Sayfa_3'  height=\"1755\" width=\"1240\"  itemprop=\"thumbnailUrl\" srcset=\"https:\/\/likitkimya.com\/wp-content\/uploads\/2026\/01\/LIKIT-KIMYA-TURKAK-ENG_Sayfa_3.jpg 1240w, https:\/\/likitkimya.com\/wp-content\/uploads\/2026\/01\/LIKIT-KIMYA-TURKAK-ENG_Sayfa_3-1085x1536.jpg 1085w\" sizes=\"(max-width: 1240px) 100vw, 1240px\" \/><\/a><\/div><\/div><\/div><\/div>\n<style type=\"text\/css\" data-created_by=\"avia_inline_auto\" id=\"style-css-av-av_one_third-1e26125d131ba13f1accaa8241be1528\">\n.flex_column.av-av_one_third-1e26125d131ba13f1accaa8241be1528{\n-webkit-border-radius:0px 0px 0px 0px;\n-moz-border-radius:0px 0px 0px 0px;\nborder-radius:0px 0px 0px 0px;\npadding:0px 0px 0px 0px;\n}\n<\/style>\n<div class='flex_column av-av_one_third-1e26125d131ba13f1accaa8241be1528 av_one_third  avia-builder-el-10  el_after_av_one_third  el_before_av_one_third  first flex_column_div av-zero-column-padding column-top-margin'     ><style type=\"text\/css\" data-created_by=\"avia_inline_auto\" id=\"style-css-av-mkw9zh85-fb2f40943830d998e77974943ed0959f\">\n.avia-image-container.av-mkw9zh85-fb2f40943830d998e77974943ed0959f img.avia_image{\nbox-shadow:none;\n}\n.avia-image-container.av-mkw9zh85-fb2f40943830d998e77974943ed0959f .av-image-caption-overlay-center{\ncolor:#ffffff;\n}\n<\/style>\n<div  class='avia-image-container av-mkw9zh85-fb2f40943830d998e77974943ed0959f av-styling-no-styling av-hover-grow avia-align-center  avia-builder-el-11  avia-builder-el-no-sibling '   itemprop=\"image\" itemscope=\"itemscope\" itemtype=\"https:\/\/schema.org\/ImageObject\" ><div class=\"avia-image-container-inner\"><div class=\"avia-image-overlay-wrap\"><a href=\"https:\/\/likitkimya.com\/wp-content\/uploads\/2026\/01\/LIKIT-KIMYA-TURKAK-ENG_Sayfa_4.jpg\" data-srcset=\"https:\/\/likitkimya.com\/wp-content\/uploads\/2026\/01\/LIKIT-KIMYA-TURKAK-ENG_Sayfa_4.jpg 1240w, https:\/\/likitkimya.com\/wp-content\/uploads\/2026\/01\/LIKIT-KIMYA-TURKAK-ENG_Sayfa_4-1085x1536.jpg 1085w\" data-sizes=\"(max-width: 728px) 100vw, 728px\" class='avia_image' ><img class='wp-image-4759 avia-img-lazy-loading-not-4759 avia_image ' src=\"https:\/\/likitkimya.com\/wp-content\/uploads\/2026\/01\/LIKIT-KIMYA-TURKAK-ENG_Sayfa_4.jpg\" alt='' title='L\u0130K\u0130T K\u0130MYA T\u00dcRKAK ENG_Sayfa_4'  height=\"1755\" width=\"1240\"  itemprop=\"thumbnailUrl\" srcset=\"https:\/\/likitkimya.com\/wp-content\/uploads\/2026\/01\/LIKIT-KIMYA-TURKAK-ENG_Sayfa_4.jpg 1240w, https:\/\/likitkimya.com\/wp-content\/uploads\/2026\/01\/LIKIT-KIMYA-TURKAK-ENG_Sayfa_4-1085x1536.jpg 1085w\" sizes=\"(max-width: 1240px) 100vw, 1240px\" \/><\/a><\/div><\/div><\/div><\/div>\n<style type=\"text\/css\" data-created_by=\"avia_inline_auto\" id=\"style-css-av-av_one_third-da852e3ef3e55b029d2629c41a20524d\">\n.flex_column.av-av_one_third-da852e3ef3e55b029d2629c41a20524d{\n-webkit-border-radius:0px 0px 0px 0px;\n-moz-border-radius:0px 0px 0px 0px;\nborder-radius:0px 0px 0px 0px;\npadding:0px 0px 0px 0px;\n}\n<\/style>\n<div class='flex_column av-av_one_third-da852e3ef3e55b029d2629c41a20524d av_one_third  avia-builder-el-12  el_after_av_one_third  el_before_av_one_third  flex_column_div av-zero-column-padding column-top-margin'     ><style type=\"text\/css\" data-created_by=\"avia_inline_auto\" id=\"style-css-av-mkw9zpwn-05fda62cb1c0a0a203c4f801b4b76be3\">\n.avia-image-container.av-mkw9zpwn-05fda62cb1c0a0a203c4f801b4b76be3 img.avia_image{\nbox-shadow:none;\n}\n.avia-image-container.av-mkw9zpwn-05fda62cb1c0a0a203c4f801b4b76be3 .av-image-caption-overlay-center{\ncolor:#ffffff;\n}\n<\/style>\n<div  class='avia-image-container av-mkw9zpwn-05fda62cb1c0a0a203c4f801b4b76be3 av-styling-no-styling av-hover-grow avia-align-center  avia-builder-el-13  avia-builder-el-no-sibling '   itemprop=\"image\" itemscope=\"itemscope\" itemtype=\"https:\/\/schema.org\/ImageObject\" ><div class=\"avia-image-container-inner\"><div class=\"avia-image-overlay-wrap\"><a href=\"https:\/\/likitkimya.com\/wp-content\/uploads\/2026\/01\/LIKIT-KIMYA-TURKAK-ENG_Sayfa_5.jpg\" data-srcset=\"https:\/\/likitkimya.com\/wp-content\/uploads\/2026\/01\/LIKIT-KIMYA-TURKAK-ENG_Sayfa_5.jpg 1240w, https:\/\/likitkimya.com\/wp-content\/uploads\/2026\/01\/LIKIT-KIMYA-TURKAK-ENG_Sayfa_5-1085x1536.jpg 1085w\" data-sizes=\"(max-width: 728px) 100vw, 728px\" class='avia_image' ><img class='wp-image-4761 avia-img-lazy-loading-not-4761 avia_image ' src=\"https:\/\/likitkimya.com\/wp-content\/uploads\/2026\/01\/LIKIT-KIMYA-TURKAK-ENG_Sayfa_5.jpg\" alt='' title='L\u0130K\u0130T K\u0130MYA T\u00dcRKAK ENG_Sayfa_5'  height=\"1755\" width=\"1240\"  itemprop=\"thumbnailUrl\" srcset=\"https:\/\/likitkimya.com\/wp-content\/uploads\/2026\/01\/LIKIT-KIMYA-TURKAK-ENG_Sayfa_5.jpg 1240w, https:\/\/likitkimya.com\/wp-content\/uploads\/2026\/01\/LIKIT-KIMYA-TURKAK-ENG_Sayfa_5-1085x1536.jpg 1085w\" sizes=\"(max-width: 1240px) 100vw, 1240px\" \/><\/a><\/div><\/div><\/div><\/div>\n<style type=\"text\/css\" data-created_by=\"avia_inline_auto\" id=\"style-css-av-av_one_third-da852e3ef3e55b029d2629c41a20524d\">\n.flex_column.av-av_one_third-da852e3ef3e55b029d2629c41a20524d{\n-webkit-border-radius:0px 0px 0px 0px;\n-moz-border-radius:0px 0px 0px 0px;\nborder-radius:0px 0px 0px 0px;\npadding:0px 0px 0px 0px;\n}\n<\/style>\n<div class='flex_column av-av_one_third-da852e3ef3e55b029d2629c41a20524d av_one_third  avia-builder-el-14  el_after_av_one_third  avia-builder-el-last  flex_column_div av-zero-column-padding column-top-margin'     ><style type=\"text\/css\" data-created_by=\"avia_inline_auto\" id=\"style-css-av-mkwa02lm-e2b9c1a8c0d10a0498676c6e7a679cad\">\n.avia-image-container.av-mkwa02lm-e2b9c1a8c0d10a0498676c6e7a679cad img.avia_image{\nbox-shadow:none;\n}\n.avia-image-container.av-mkwa02lm-e2b9c1a8c0d10a0498676c6e7a679cad .av-image-caption-overlay-center{\ncolor:#ffffff;\n}\n<\/style>\n<div  class='avia-image-container av-mkwa02lm-e2b9c1a8c0d10a0498676c6e7a679cad av-styling-no-styling av-hover-grow avia-align-center  avia-builder-el-15  avia-builder-el-no-sibling '   itemprop=\"image\" itemscope=\"itemscope\" itemtype=\"https:\/\/schema.org\/ImageObject\" ><div class=\"avia-image-container-inner\"><div class=\"avia-image-overlay-wrap\"><a href=\"https:\/\/likitkimya.com\/wp-content\/uploads\/2026\/01\/LIKIT-KIMYA-TURKAK-ENG_Sayfa_6.jpg\" data-srcset=\"https:\/\/likitkimya.com\/wp-content\/uploads\/2026\/01\/LIKIT-KIMYA-TURKAK-ENG_Sayfa_6.jpg 1240w, https:\/\/likitkimya.com\/wp-content\/uploads\/2026\/01\/LIKIT-KIMYA-TURKAK-ENG_Sayfa_6-1085x1536.jpg 1085w\" data-sizes=\"(max-width: 728px) 100vw, 728px\" class='avia_image' ><img class='wp-image-4763 avia-img-lazy-loading-not-4763 avia_image ' src=\"https:\/\/likitkimya.com\/wp-content\/uploads\/2026\/01\/LIKIT-KIMYA-TURKAK-ENG_Sayfa_6.jpg\" alt='' title='L\u0130K\u0130T K\u0130MYA T\u00dcRKAK ENG_Sayfa_6'  height=\"1755\" width=\"1240\"  itemprop=\"thumbnailUrl\" srcset=\"https:\/\/likitkimya.com\/wp-content\/uploads\/2026\/01\/LIKIT-KIMYA-TURKAK-ENG_Sayfa_6.jpg 1240w, https:\/\/likitkimya.com\/wp-content\/uploads\/2026\/01\/LIKIT-KIMYA-TURKAK-ENG_Sayfa_6-1085x1536.jpg 1085w\" sizes=\"(max-width: 1240px) 100vw, 1240px\" \/><\/a><\/div><\/div><\/div><\/div><\/p>\n","protected":false},"excerpt":{"rendered":"","protected":false},"author":2,"featured_media":0,"parent":1493,"menu_order":0,"comment_status":"closed","ping_status":"closed","template":"","meta":[],"_links":{"self":[{"href":"https:\/\/likitkimya.com\/en\/wp-json\/wp\/v2\/pages\/1474\/"}],"collection":[{"href":"https:\/\/likitkimya.com\/en\/wp-json\/wp\/v2\/pages\/"}],"about":[{"href":"https:\/\/likitkimya.com\/en\/wp-json\/wp\/v2\/types\/page\/"}],"author":[{"embeddable":true,"href":"https:\/\/likitkimya.com\/en\/wp-json\/wp\/v2\/users\/2\/"}],"replies":[{"embeddable":true,"href":"https:\/\/likitkimya.com\/en\/wp-json\/wp\/v2\/comments\/?post=1474"}],"version-history":[{"count":10,"href":"https:\/\/likitkimya.com\/en\/wp-json\/wp\/v2\/pages\/1474\/revisions\/"}],"predecessor-version":[{"id":4905,"href":"https:\/\/likitkimya.com\/en\/wp-json\/wp\/v2\/pages\/1474\/revisions\/4905\/"}],"up":[{"embeddable":true,"href":"https:\/\/likitkimya.com\/en\/wp-json\/wp\/v2\/pages\/1493\/"}],"wp:attachment":[{"href":"https:\/\/likitkimya.com\/en\/wp-json\/wp\/v2\/media\/?parent=1474"}],"curies":[{"name":"wp","href":"https:\/\/api.w.org\/{rel}","templated":true}]}}